{"id":5910,"date":"2021-06-17T14:17:32","date_gmt":"2021-06-17T14:17:32","guid":{"rendered":"https:\/\/iio.galileo.edu\/?page_id=5910"},"modified":"2021-06-17T14:28:16","modified_gmt":"2021-06-17T14:28:16","slug":"gracias-solicitar-informacion","status":"publish","type":"page","link":"https:\/\/iio.galileo.edu\/en\/gracias-solicitar-informacion\/","title":{"rendered":"Thank you Request Information"},"content":{"rendered":"<div data-elementor-type=\"wp-page\" data-elementor-id=\"5910\" class=\"elementor elementor-5910\">\n\t\t\t\t\t\t\t\t\t<section class=\"elementor-section elementor-top-section elementor-element elementor-element-7a9307d ot-traditional elementor-section-boxed elementor-section-height-default elementor-section-height-default\" data-id=\"7a9307d\" data-element_type=\"section\">\n\t\t\t\t\t\t<div class=\"elementor-container elementor-column-gap-default\">\n\t\t\t\t\t<div class=\"elementor-column elementor-col-50 elementor-top-column elementor-element elementor-element-25506eb ot-column-items-top ot-flex-column-vertical\" data-id=\"25506eb\" data-element_type=\"column\">\n\t\t\t<div class=\"elementor-widget-wrap elementor-element-populated\">\n\t\t\t\t\t\t\t\t<div class=\"elementor-element elementor-element-20b8e0a1 elementor-widget elementor-widget-iheading\" data-id=\"20b8e0a1\" data-element_type=\"widget\" data-widget_type=\"iheading.default\">\n\t\t\t\t<div class=\"elementor-widget-container\">\n\t\t\t\t\t<div class=\"ot-heading\">\r\n\t        <h2 class=\"main-heading\">Thank you for contacting us<\/h2>\t    <\/div>\r\n\t    \t\t<\/div>\n\t\t\t\t<\/div>\n\t\t\t\t\t<\/div>\n\t\t<\/div>\n\t\t\t\t<div class=\"elementor-column elementor-col-50 elementor-top-column elementor-element elementor-element-8f7287a ot-column-items-center ot-flex-column-vertical\" data-id=\"8f7287a\" data-element_type=\"column\">\n\t\t\t<div class=\"elementor-widget-wrap elementor-element-populated\">\n\t\t\t\t\t\t\t\t<div class=\"elementor-element elementor-element-90270a2 elementor-widget elementor-widget-text-editor\" data-id=\"90270a2\" data-element_type=\"widget\" data-widget_type=\"text-editor.default\">\n\t\t\t\t<div class=\"elementor-widget-container\">\n\t\t\t\t\t\t\t<p>Check your email. In a few minutes you will receive the information you requested.<\/p>\t\t\t\t\t\t<\/div>\n\t\t\t\t<\/div>\n\t\t\t\t\t<\/div>\n\t\t<\/div>\n\t\t\t\t\t\t\t<\/div>\n\t\t<\/section>\n\t\t\t\t<section class=\"elementor-section elementor-top-section elementor-element elementor-element-6a06aa64 elementor-section-content-middle ot-traditional elementor-section-boxed elementor-section-height-default elementor-section-height-default\" data-id=\"6a06aa64\" data-element_type=\"section\">\n\t\t\t\t\t\t<div class=\"elementor-container elementor-column-gap-extended\">\n\t\t\t\t\t<div class=\"elementor-column elementor-col-50 elementor-top-column elementor-element elementor-element-7f25ee3f ot-flex-column-vertical\" data-id=\"7f25ee3f\" data-element_type=\"column\">\n\t\t\t<div class=\"elementor-widget-wrap elementor-element-populated\">\n\t\t\t\t\t\t\t\t<div class=\"elementor-element elementor-element-18e4a6c1 elementor-widget elementor-widget-text-editor\" data-id=\"18e4a6c1\" data-element_type=\"widget\" data-widget_type=\"text-editor.default\">\n\t\t\t\t<div class=\"elementor-widget-container\">\n\t\t\t\t\t\t\t\t\t\t\t\t\t<\/div>\n\t\t\t\t<\/div>\n\t\t\t\t<div class=\"elementor-element elementor-element-47ee0330 elementor-widget elementor-widget-icontact_info\" data-id=\"47ee0330\" data-element_type=\"widget\" data-widget_type=\"icontact_info.default\">\n\t\t\t\t<div class=\"elementor-widget-container\">\n\t\t\t\t\t\t\t\t    \t<div class=\"contact-info box-style1\">\r\n\t\t\t\t\t\t\t\t    \t\t        <i class=\"flaticon-world-globe\"><\/i>\t\t\t        <div class=\"info-text\">\r\n\t\t\t        \t<h6>Direction:<\/h6>\r\n\t\t\t        \t<p>Galileo University 7a. Avenue, Dr. Eduardo Suger Cofi\u00f1o street, Zone 10<\/p>\r\n\t\t\t        <\/div>\r\n\t\t\t    <\/div>\r\n\t\t    \t    \t\t<\/div>\n\t\t\t\t<\/div>\n\t\t\t\t<div class=\"elementor-element elementor-element-3a6ee4c0 elementor-widget elementor-widget-icontact_info\" data-id=\"3a6ee4c0\" data-element_type=\"widget\" data-widget_type=\"icontact_info.default\">\n\t\t\t\t<div class=\"elementor-widget-container\">\n\t\t\t\t\t\t\t\t    \t<div class=\"contact-info box-style1\">\r\n\t\t\t\t\t\t\t\t    \t\t        <i class=\"flaticon-envelope\"><\/i>\t\t\t        <div class=\"info-text\">\r\n\t\t\t        \t<h6>Email<\/h6>\r\n\t\t\t        \t<p>iio@galileo.edu<\/p>\r\n\t\t\t        <\/div>\r\n\t\t\t    <\/div>\r\n\t\t    \t    \t\t<\/div>\n\t\t\t\t<\/div>\n\t\t\t\t<div class=\"elementor-element elementor-element-3f31853a elementor-widget elementor-widget-icontact_info\" data-id=\"3f31853a\" data-element_type=\"widget\" data-widget_type=\"icontact_info.default\">\n\t\t\t\t<div class=\"elementor-widget-container\">\n\t\t\t\t\t\t\t\t    \t<div class=\"contact-info box-style1\">\r\n\t\t\t\t\t\t\t\t    \t\t        <i class=\"flaticon-phone-1\"><\/i>\t\t\t        <div class=\"info-text\">\r\n\t\t\t        \t<h6>Phone<\/h6>\r\n\t\t\t        \t<p>+502 2423-8000<\/p>\r\n\t\t\t        <\/div>\r\n\t\t\t    <\/div>\r\n\t\t    \t    \t\t<\/div>\n\t\t\t\t<\/div>\n\t\t\t\t\t<\/div>\n\t\t<\/div>\n\t\t\t\t<div class=\"elementor-column elementor-col-50 elementor-top-column elementor-element elementor-element-76fcd6da ot-flex-column-vertical\" data-id=\"76fcd6da\" data-element_type=\"column\">\n\t\t\t<div class=\"elementor-widget-wrap elementor-element-populated\">\n\t\t\t\t\t\t\t\t<div class=\"elementor-element elementor-element-e306411 elementor-widget elementor-widget-image\" data-id=\"e306411\" data-element_type=\"widget\" data-widget_type=\"image.default\">\n\t\t\t\t<div class=\"elementor-widget-container\">\n\t\t\t\t\t\t\t\t\t\t\t\t\t\t\t<img loading=\"lazy\" decoding=\"async\" width=\"426\" height=\"171\" src=\"https:\/\/iio.galileo.edu\/wp-content\/uploads\/2021\/06\/logo_u_galileo-1.png\" class=\"attachment-large size-large\" alt=\"\" \/>\t\t\t\t\t\t\t\t\t\t\t\t\t\t\t<\/div>\n\t\t\t\t<\/div>\n\t\t\t\t\t<\/div>\n\t\t<\/div>\n\t\t\t\t\t\t\t<\/div>\n\t\t<\/section>\n\t\t\t\t\t\t\t<\/div>","protected":false},"excerpt":{"rendered":"<p>Thank you for contacting us Check your email. In a few minutes you will receive the information you requested. Address: Galileo University 7a. Avenida, calle Dr. Eduardo Suger Cofi\u00f1o, Zona 10 Email iio@galileo.edu Telephone +502 2423-8000<\/p>","protected":false},"author":2,"featured_media":0,"parent":0,"menu_order":0,"comment_status":"closed","ping_status":"closed","template":"elementor_canvas","meta":{"footnotes":""},"class_list":["post-5910","page","type-page","status-publish","hentry"],"yoast_head":"<!-- This site is optimized with the Yoast SEO plugin v16.6 - https:\/\/yoast.com\/wordpress\/plugins\/seo\/ -->\n<title>Instituto en Investigaci\u00f3n de Operaciones - Gracias Solicitar Informacion<\/title>\n<meta name=\"robots\" content=\"index, follow, max-snippet:-1, max-image-preview:large, max-video-preview:-1\" \/>\n<link rel=\"canonical\" href=\"https:\/\/iio.galileo.edu\/en\/gracias-solicitar-informacion\/\" \/>\n<meta property=\"og:locale\" content=\"en_US\" \/>\n<meta property=\"og:type\" content=\"article\" \/>\n<meta property=\"og:title\" content=\"Instituto en Investigaci\u00f3n de Operaciones - Gracias Solicitar Informacion\" \/>\n<meta property=\"og:description\" content=\"Gracias por contactarnos Revisa tu correo electr\u00f3nico. En pocos minutos recibir\u00e1s la informaci\u00f3n que solicitaste. Direccion: Universidad Galileo 7a. Avenida, calle Dr. Eduardo Suger Cofi\u00f1o, Zona 10 Correo Electronico iio@galileo.edu Telefono +502 2423-8000\" \/>\n<meta property=\"og:url\" content=\"https:\/\/iio.galileo.edu\/en\/gracias-solicitar-informacion\/\" \/>\n<meta property=\"og:site_name\" content=\"Instituto en Investigaci\u00f3n de Operaciones\" \/>\n<meta property=\"article:modified_time\" content=\"2021-06-17T14:28:16+00:00\" \/>\n<meta property=\"og:image\" content=\"https:\/\/iio.galileo.edu\/wp-content\/uploads\/2021\/06\/logo_u_galileo-1.png\" \/>\n<meta name=\"twitter:card\" content=\"summary_large_image\" \/>\n<script type=\"application\/ld+json\" class=\"yoast-schema-graph\">{\"@context\":\"https:\/\/schema.org\",\"@graph\":[{\"@type\":\"WebSite\",\"@id\":\"https:\/\/iio.galileo.edu\/#website\",\"url\":\"https:\/\/iio.galileo.edu\/\",\"name\":\"Instituto en Investigaci\\u00f3n de Operaciones\",\"description\":\"IIO\",\"potentialAction\":[{\"@type\":\"SearchAction\",\"target\":{\"@type\":\"EntryPoint\",\"urlTemplate\":\"https:\/\/iio.galileo.edu\/?s={search_term_string}\"},\"query-input\":\"required name=search_term_string\"}],\"inLanguage\":\"en-US\"},{\"@type\":\"ImageObject\",\"@id\":\"https:\/\/iio.galileo.edu\/gracias-solicitar-informacion\/#primaryimage\",\"inLanguage\":\"en-US\",\"url\":\"https:\/\/iio.galileo.edu\/wp-content\/uploads\/2021\/06\/logo_u_galileo-1.png\",\"contentUrl\":\"https:\/\/iio.galileo.edu\/wp-content\/uploads\/2021\/06\/logo_u_galileo-1.png\",\"width\":426,\"height\":171},{\"@type\":\"WebPage\",\"@id\":\"https:\/\/iio.galileo.edu\/gracias-solicitar-informacion\/#webpage\",\"url\":\"https:\/\/iio.galileo.edu\/gracias-solicitar-informacion\/\",\"name\":\"Instituto en Investigaci\\u00f3n de Operaciones - Gracias Solicitar Informacion\",\"isPartOf\":{\"@id\":\"https:\/\/iio.galileo.edu\/#website\"},\"primaryImageOfPage\":{\"@id\":\"https:\/\/iio.galileo.edu\/gracias-solicitar-informacion\/#primaryimage\"},\"datePublished\":\"2021-06-17T14:17:32+00:00\",\"dateModified\":\"2021-06-17T14:28:16+00:00\",\"breadcrumb\":{\"@id\":\"https:\/\/iio.galileo.edu\/gracias-solicitar-informacion\/#breadcrumb\"},\"inLanguage\":\"en-US\",\"potentialAction\":[{\"@type\":\"ReadAction\",\"target\":[\"https:\/\/iio.galileo.edu\/gracias-solicitar-informacion\/\"]}]},{\"@type\":\"BreadcrumbList\",\"@id\":\"https:\/\/iio.galileo.edu\/gracias-solicitar-informacion\/#breadcrumb\",\"itemListElement\":[{\"@type\":\"ListItem\",\"position\":1,\"name\":\"Home\",\"item\":\"https:\/\/iio.galileo.edu\/\"},{\"@type\":\"ListItem\",\"position\":2,\"name\":\"Gracias Solicitar Informacion\"}]}]}<\/script>\n<!-- \/ Yoast SEO plugin. -->","_links":{"self":[{"href":"https:\/\/iio.galileo.edu\/en\/wp-json\/wp\/v2\/pages\/5910","targetHints":{"allow":["GET"]}}],"collection":[{"href":"https:\/\/iio.galileo.edu\/en\/wp-json\/wp\/v2\/pages"}],"about":[{"href":"https:\/\/iio.galileo.edu\/en\/wp-json\/wp\/v2\/types\/page"}],"author":[{"embeddable":true,"href":"https:\/\/iio.galileo.edu\/en\/wp-json\/wp\/v2\/users\/2"}],"replies":[{"embeddable":true,"href":"https:\/\/iio.galileo.edu\/en\/wp-json\/wp\/v2\/comments?post=5910"}],"version-history":[{"count":25,"href":"https:\/\/iio.galileo.edu\/en\/wp-json\/wp\/v2\/pages\/5910\/revisions"}],"predecessor-version":[{"id":5935,"href":"https:\/\/iio.galileo.edu\/en\/wp-json\/wp\/v2\/pages\/5910\/revisions\/5935"}],"wp:attachment":[{"href":"https:\/\/iio.galileo.edu\/en\/wp-json\/wp\/v2\/media?parent=5910"}],"curies":[{"name":"wp","href":"https:\/\/api.w.org\/{rel}","templated":true}]}}